{"id":2127,"date":"2026-01-19T20:07:06","date_gmt":"2026-01-19T19:07:06","guid":{"rendered":"https:\/\/www.cmrs-saumur.com\/?page_id=2127"},"modified":"2026-03-13T17:00:51","modified_gmt":"2026-03-13T16:00:51","slug":"inscription-2026","status":"publish","type":"page","link":"https:\/\/www.cmrs-saumur.com\/?page_id=2127","title":{"rendered":"Inscription 2026"},"content":{"rendered":"<p><a href=\"https:\/\/www.cmrs-saumur.com\/?attachment_id=2128\" rel=\"attachment wp-att-2128\">Fiche-inscription-2026<\/a><\/p>\n<p><a href=\"https:\/\/www.cmrs-saumur.com\/?attachment_id=2129\" rel=\"attachment wp-att-2129\">Questionnaire-sante-mineur-2026<\/a><\/p>\n<p><a href=\"https:\/\/www.cmrs-saumur.com\/?attachment_id=2130\" rel=\"attachment wp-att-2130\">Questionnaire-sante-majeur-2026<\/a><\/p>\n<p>Nota: Fournir un certificat m\u00e9dical d&rsquo;aptitude \u00e0 la pratique de l\u2019a\u00e9romod\u00e9lisme si vous ne repondez pas \u00ab\u00a0NON\u00a0\u00bb \u00e0 toutes les questions du questionnaire pour les majeurs ou les questions du questionnaire pour les mineurs.<\/p>\n<p><strong><span style=\"color: #ff0000;\">IMPORTANT les questionnaires de sant\u00e9 ne sont pas \u00e0 nous renvoyer. Ils ne servent que pour d\u00e9finir si vous avez besoin d&rsquo;un certificat m\u00e9dical.\u00a0<\/span><\/strong><\/p>\n<p>&nbsp;<\/p>\n","protected":false},"excerpt":{"rendered":"<p>Fiche-inscription-2026 Questionnaire-sante-mineur-2026 Questionnaire-sante-majeur-2026 Nota: Fournir un certificat m\u00e9dical d&rsquo;aptitude \u00e0 la pratique de l\u2019a\u00e9romod\u00e9lisme si vous ne repondez pas \u00ab\u00a0NON\u00a0\u00bb \u00e0 toutes les questions du questionnaire pour les majeurs ou les questions du questionnaire pour les mineurs. IMPORTANT les questionnaires de sant\u00e9 ne sont pas \u00e0 nous renvoyer. Ils ne servent que pour d\u00e9finir si &hellip; <a href=\"https:\/\/www.cmrs-saumur.com\/?page_id=2127\" class=\"more-link\">Continuer la lecture de <span class=\"screen-reader-text\">Inscription 2026<\/span> <span class=\"meta-nav\">&rarr;<\/span><\/a><\/p>\n","protected":false},"author":1,"featured_media":0,"parent":0,"menu_order":4,"comment_status":"closed","ping_status":"closed","template":"","meta":{"footnotes":""},"class_list":["post-2127","page","type-page","status-publish","hentry"],"_links":{"self":[{"href":"https:\/\/www.cmrs-saumur.com\/index.php?rest_route=\/wp\/v2\/pages\/2127","targetHints":{"allow":["GET"]}}],"collection":[{"href":"https:\/\/www.cmrs-saumur.com\/index.php?rest_route=\/wp\/v2\/pages"}],"about":[{"href":"https:\/\/www.cmrs-saumur.com\/index.php?rest_route=\/wp\/v2\/types\/page"}],"author":[{"embeddable":true,"href":"https:\/\/www.cmrs-saumur.com\/index.php?rest_route=\/wp\/v2\/users\/1"}],"replies":[{"embeddable":true,"href":"https:\/\/www.cmrs-saumur.com\/index.php?rest_route=%2Fwp%2Fv2%2Fcomments&post=2127"}],"version-history":[{"count":5,"href":"https:\/\/www.cmrs-saumur.com\/index.php?rest_route=\/wp\/v2\/pages\/2127\/revisions"}],"predecessor-version":[{"id":2161,"href":"https:\/\/www.cmrs-saumur.com\/index.php?rest_route=\/wp\/v2\/pages\/2127\/revisions\/2161"}],"wp:attachment":[{"href":"https:\/\/www.cmrs-saumur.com\/index.php?rest_route=%2Fwp%2Fv2%2Fmedia&parent=2127"}],"curies":[{"name":"wp","href":"https:\/\/api.w.org\/{rel}","templated":true}]}}